{"id":210,"date":"2012-06-27T12:17:20","date_gmt":"2012-06-27T12:17:20","guid":{"rendered":"http:\/\/www.myotonia.com.hr\/diferencijalna-dijagnozasrodne-bolesti\/"},"modified":"2012-06-27T12:27:07","modified_gmt":"2012-06-27T12:27:07","slug":"diferencijalna-dijagnozasrodne-bolesti","status":"publish","type":"page","link":"https:\/\/www.myotonia.com.hr\/?page_id=210","title":{"rendered":"Diferencijalna dijagnoza\/srodne bolesti"},"content":{"rendered":"<p style=\"text-align: justify;\"><strong>Diferencijalna dijagnoza<\/strong><\/p>\n<p style=\"text-align: justify;\">Diferencijalna dijagnoza kongenitalne miotonije uklju\u010duje poreme\u0107aje u kojima je miotonija glavna klini\u010dka odrednica kao \u0161to su periodi\u010dke paralize, miotoni\u010dka distrofija i miotonije uzrokovane lijekovima. Kongenitalna miotonija se od tih poreme\u0107aja naj\u010de\u0161\u0107e mo\u017ee razlu\u010diti na temelju:<\/p>\n<ul style=\"text-align: justify;\">\n<li>Faktora koji provociraju\/ubla\u017eavaju miotoniju<\/li>\n<li>Prisutnosti simptoma van mi\u0161i\u0107nog sustava<\/li>\n<li>Nalazi elektrodijagnosti\u010dkog testiranja<\/li>\n<\/ul>\n<p style=\"text-align: justify;\">Kod diferencijalne dijagnoZe kongenitalne miotonije uvijek treba razmi\u0161ljati i o miotoni\u010dkim distrofijama tip 1 i 2, budu\u0107i da odre\u0111en stupanj mi\u0161i\u0107ne slabosti i propadanja koji se javlja u ovim tipovima bolesti mo\u017ee uo\u010diti i u bolesnika s autosomno-recesivnom Beckerovom kongenitalnom miotonijom. Me\u0111utim, va\u017eno je uo\u010diti da se uzorak mi\u0161i\u0107ne slabosti u kongenitalnoj miotoniji te distrofi\u010dnim miotonijama uvelike razlikuje te da se u bolesnika s kongenitalnim miotonijama gotovo nikada ne javljaju simptomi izvan mi\u0161i\u0107nog sustava poput katarakte, poreme\u0107aja provo\u0111enja u srcu, endokrinopatija itd. Distofi\u010dne miotonije uzrokovane su mutacijama u genima DMPK1 i ZNF9 te se naslje\u0111uju autosomno dominantno.<\/p>\n","protected":false},"excerpt":{"rendered":"<p>Diferencijalna dijagnoza Diferencijalna dijagnoza kongenitalne miotonije uklju\u010duje poreme\u0107aje u kojima je miotonija glavna klini\u010dka odrednica kao \u0161to su periodi\u010dke paralize, miotoni\u010dka distrofija i miotonije uzrokovane lijekovima. Kongenitalna miotonija se od tih poreme\u0107aja naj\u010de\u0161\u0107e mo\u017ee razlu\u010diti na temelju: Faktora koji provociraju\/ubla\u017eavaju miotoniju Prisutnosti simptoma van mi\u0161i\u0107nog sustava Nalazi elektrodijagnosti\u010dkog testiranja Kod diferencijalne dijagnoZe kongenitalne miotonije uvijek treba razmi\u0161ljati i o miotoni\u010dkim distrofijama tip 1 i 2, budu\u0107i da odre\u0111en stupanj mi\u0161i\u0107ne slabosti i propadanja koji se [&hellip;]<\/p>\n","protected":false},"author":1,"featured_media":0,"parent":0,"menu_order":0,"comment_status":"open","ping_status":"open","template":"","meta":{"footnotes":""},"class_list":["post-210","page","type-page","status-publish","hentry"],"_links":{"self":[{"href":"https:\/\/www.myotonia.com.hr\/index.php?rest_route=\/wp\/v2\/pages\/210"}],"collection":[{"href":"https:\/\/www.myotonia.com.hr\/index.php?rest_route=\/wp\/v2\/pages"}],"about":[{"href":"https:\/\/www.myotonia.com.hr\/index.php?rest_route=\/wp\/v2\/types\/page"}],"author":[{"embeddable":true,"href":"https:\/\/www.myotonia.com.hr\/index.php?rest_route=\/wp\/v2\/users\/1"}],"replies":[{"embeddable":true,"href":"https:\/\/www.myotonia.com.hr\/index.php?rest_route=%2Fwp%2Fv2%2Fcomments&post=210"}],"version-history":[{"count":2,"href":"https:\/\/www.myotonia.com.hr\/index.php?rest_route=\/wp\/v2\/pages\/210\/revisions"}],"predecessor-version":[{"id":240,"href":"https:\/\/www.myotonia.com.hr\/index.php?rest_route=\/wp\/v2\/pages\/210\/revisions\/240"}],"wp:attachment":[{"href":"https:\/\/www.myotonia.com.hr\/index.php?rest_route=%2Fwp%2Fv2%2Fmedia&parent=210"}],"curies":[{"name":"wp","href":"https:\/\/api.w.org\/{rel}","templated":true}]}}